{"id":3006,"date":"2025-06-27T13:33:33","date_gmt":"2025-06-27T18:33:33","guid":{"rendered":"https:\/\/bojaniniexperts.us\/?page_id=3006"},"modified":"2025-09-23T14:44:09","modified_gmt":"2025-09-23T19:44:09","slug":"booking","status":"publish","type":"page","link":"https:\/\/bojaniniexperts.us\/es\/booking\/","title":{"rendered":"Booking"},"content":{"rendered":"<div data-elementor-type=\"wp-page\" data-elementor-id=\"3006\" class=\"elementor elementor-3006\" data-elementor-post-type=\"page\">\n\t\t\t\t<div class=\"elementor-element elementor-element-a69e836 e-flex e-con-boxed wpr-particle-no wpr-jarallax-no wpr-parallax-no wpr-sticky-section-no e-con e-parent\" data-id=\"a69e836\" data-element_type=\"container\" data-settings=\"{&quot;background_background&quot;:&quot;classic&quot;,&quot;shape_divider_bottom&quot;:&quot;curve&quot;,&quot;shape_divider_bottom_negative&quot;:&quot;yes&quot;}\">\n\t\t\t\t\t<div class=\"e-con-inner\">\n\t\t\t\t<div class=\"elementor-shape elementor-shape-bottom\" aria-hidden=\"true\" data-negative=\"true\">\n\t\t\t<svg xmlns=\"http:\/\/www.w3.org\/2000\/svg\" viewbox=\"0 0 1000 100\" preserveaspectratio=\"none\">\n\t<path class=\"elementor-shape-fill\" d=\"M500,97C126.7,96.3,0.8,19.8,0,0v100l1000,0V1C1000,19.4,873.3,97.8,500,97z\"\/>\n<\/svg>\t\t<\/div>\n\t\t<div class=\"elementor-element elementor-element-9e15684 e-flex e-con-boxed wpr-particle-no wpr-jarallax-no wpr-parallax-no wpr-sticky-section-no e-con e-child\" data-id=\"9e15684\" data-element_type=\"container\">\n\t\t\t\t\t<div class=\"e-con-inner\">\n\t\t\t\t<div class=\"elementor-element elementor-element-7605fa9 elementor-widget__width-initial elementor-widget elementor-widget-heading\" data-id=\"7605fa9\" data-element_type=\"widget\" data-widget_type=\"heading.default\">\n\t\t\t\t\t<h2 class=\"elementor-heading-title elementor-size-default\">Reserva Ahora<\/h2>\t\t\t\t<\/div>\n\t\t\t\t\t<\/div>\n\t\t\t\t<\/div>\n\t\t\t\t\t<\/div>\n\t\t\t\t<\/div>\n\t\t<div class=\"elementor-element elementor-element-0c4be07 e-flex e-con-boxed wpr-particle-no wpr-jarallax-no wpr-parallax-no wpr-sticky-section-no e-con e-parent\" data-id=\"0c4be07\" data-element_type=\"container\">\n\t\t\t\t\t<div class=\"e-con-inner\">\n\t\t\t\t<div class=\"elementor-element elementor-element-2f523a5 elementor-widget__width-initial elementor-widget elementor-widget-text-editor\" data-id=\"2f523a5\" data-element_type=\"widget\" data-widget_type=\"text-editor.default\">\n\t\t\t\t\t\t\t\t\t<p>Si no encuentras disponibilidad con tu m\u00e9dico en la ubicaci\u00f3n, consulta nuestras otras ubicaciones, donde tambi\u00e9n podr\u00e1s reservar una cita con el mismo especialista.<\/p>\t\t\t\t\t\t\t\t<\/div>\n\t\t\t\t\t<\/div>\n\t\t\t\t<\/div>\n\t\t<div class=\"elementor-element elementor-element-70bf621 e-flex e-con-boxed wpr-particle-no wpr-jarallax-no wpr-parallax-no wpr-sticky-section-no e-con e-parent\" data-id=\"70bf621\" data-element_type=\"container\">\n\t\t\t\t\t<div class=\"e-con-inner\">\n\t\t\t\t<div class=\"elementor-element elementor-element-8638e45 elementor-widget elementor-widget-html\" data-id=\"8638e45\" data-element_type=\"widget\" data-widget_type=\"html.default\">\n\t\t\t\t\t<center><iframe id='frameBooking' src='https:\/\/na02.patientnow.com\/a\/BOJANINIEXPERTSPALMETTO\/OnlineBookingFrame.aspx' width='700px' height='900px' frameborder='0' allowtransparency='true'><\/iframe><\/center>\t\t\t\t<\/div>\n\t\t\t\t\t<\/div>\n\t\t\t\t<\/div>\n\t\t<div class=\"elementor-element elementor-element-6dc1917 e-flex e-con-boxed wpr-particle-no wpr-jarallax-no wpr-parallax-no wpr-sticky-section-no e-con e-parent\" data-id=\"6dc1917\" data-element_type=\"container\">\n\t\t\t\t\t<div class=\"e-con-inner\">\n\t\t\t\t<div class=\"elementor-element elementor-element-bc77a8e elementor-widget elementor-widget-heading\" data-id=\"bc77a8e\" data-element_type=\"widget\" data-widget_type=\"heading.default\">\n\t\t\t\t\t<h2 class=\"elementor-heading-title elementor-size-default\">Ubicaci\u00f3n<\/h2>\t\t\t\t<\/div>\n\t\t\t\t<div class=\"elementor-element elementor-element-6e8a94e e-n-tabs-mobile elementor-widget elementor-widget-n-tabs\" data-id=\"6e8a94e\" data-element_type=\"widget\" data-settings=\"{&quot;horizontal_scroll&quot;:&quot;disable&quot;}\" data-widget_type=\"nested-tabs.default\">\n\t\t\t\t\t\t\t<div class=\"e-n-tabs\" data-widget-number=\"115910990\" aria-label=\"Pesta\u00f1as. Abre elementos con Intro o Espacio, ci\u00e9rralos con Escape y navega con las fechas.\">\n\t\t\t<div class=\"e-n-tabs-heading\" role=\"tablist\">\n\t\t\t\t\t<button id=\"e-n-tab-title-1159109901\" class=\"e-n-tab-title\" aria-selected=\"true\" data-tab-index=\"1\" role=\"tab\" tabindex=\"0\" aria-controls=\"e-n-tab-content-1159109901\" style=\"--n-tabs-title-order: 1;\">\n\t\t\t\t\t\t<span class=\"e-n-tab-title-text\">\n\t\t\t\tCoral Gables\t\t\t<\/span>\n\t\t<\/button>\n\t\t\t\t<button id=\"e-n-tab-title-1159109902\" class=\"e-n-tab-title\" aria-selected=\"false\" data-tab-index=\"2\" role=\"tab\" tabindex=\"-1\" aria-controls=\"e-n-tab-content-1159109902\" style=\"--n-tabs-title-order: 2;\">\n\t\t\t\t\t\t<span class=\"e-n-tab-title-text\">\n\t\t\t\tHialeah\t\t\t<\/span>\n\t\t<\/button>\n\t\t\t\t\t<\/div>\n\t\t\t<div class=\"e-n-tabs-content\">\n\t\t\t\t<div id=\"e-n-tab-content-1159109901\" role=\"tabpanel\" aria-labelledby=\"e-n-tab-title-1159109901\" data-tab-index=\"1\" style=\"--n-tabs-title-order: 1;\" class=\"e-active elementor-element elementor-element-2ad6a5c e-con-full e-flex wpr-particle-no wpr-jarallax-no wpr-parallax-no wpr-sticky-section-no e-con e-child\" data-id=\"2ad6a5c\" data-element_type=\"container\">\n\t\t\t\t<div class=\"elementor-element elementor-element-0c17d8b elementor-widget elementor-widget-heading\" data-id=\"0c17d8b\" data-element_type=\"widget\" data-widget_type=\"heading.default\">\n\t\t\t\t\t<h2 class=\"elementor-heading-title elementor-size-default\">El centro est\u00e1 ubicado en una de las zonas m\u00e1s prestigiosas de Miami.<\/h2>\t\t\t\t<\/div>\n\t\t\t\t<div class=\"elementor-element elementor-element-5396157 elementor-widget elementor-widget-heading\" data-id=\"5396157\" data-element_type=\"widget\" data-widget_type=\"heading.default\">\n\t\t\t\t\t<h2 class=\"elementor-heading-title elementor-size-default\">2751,2601 SW 37th Ave STE 604, Coral Gables, FL 33133<\/h2>\t\t\t\t<\/div>\n\t\t\t\t<div class=\"elementor-element elementor-element-74d08bb elementor-widget elementor-widget-google_maps\" data-id=\"74d08bb\" data-element_type=\"widget\" data-widget_type=\"google_maps.default\">\n\t\t\t\t\t\t\t<div class=\"elementor-custom-embed\">\n\t\t\t<iframe loading=\"lazy\"\n\t\t\t\t\tsrc=\"https:\/\/maps.google.com\/maps?q=2751%2C2601%20SW%2037th%20Ave%20STE%20604%2C%20Coral%20Gables%2C%20FL%2033133&#038;t=m&#038;z=20&#038;output=embed&#038;iwloc=near\"\n\t\t\t\t\ttitle=\"2751,2601 SW 37th Ave STE 604, Coral Gables, FL 33133\"\n\t\t\t\t\taria-label=\"2751,2601 SW 37th Ave STE 604, Coral Gables, FL 33133\"\n\t\t\t><\/iframe>\n\t\t<\/div>\n\t\t\t\t\t\t<\/div>\n\t\t\t\t<\/div>\n\t\t<div id=\"e-n-tab-content-1159109902\" role=\"tabpanel\" aria-labelledby=\"e-n-tab-title-1159109902\" data-tab-index=\"2\" style=\"--n-tabs-title-order: 2;\" class=\"elementor-element elementor-element-8f8b379 e-con-full e-flex wpr-particle-no wpr-jarallax-no wpr-parallax-no wpr-sticky-section-no e-con e-child\" data-id=\"8f8b379\" data-element_type=\"container\">\n\t\t\t\t<div class=\"elementor-element elementor-element-f4aecbf elementor-widget elementor-widget-heading\" data-id=\"f4aecbf\" data-element_type=\"widget\" data-widget_type=\"heading.default\">\n\t\t\t\t\t<h2 class=\"elementor-heading-title elementor-size-default\">The clinic opens its doors inside the renowned Palmetto General Hospital<\/h2>\t\t\t\t<\/div>\n\t\t\t\t<div class=\"elementor-element elementor-element-85b5fb4 elementor-widget elementor-widget-heading\" data-id=\"85b5fb4\" data-element_type=\"widget\" data-widget_type=\"heading.default\">\n\t\t\t\t\t<h2 class=\"elementor-heading-title elementor-size-default\">7100 W 20th Ave, Hialeah,\u00a0FL\u00a033016.<\/h2>\t\t\t\t<\/div>\n\t\t\t\t<div class=\"elementor-element elementor-element-71f14c6 elementor-widget elementor-widget-google_maps\" data-id=\"71f14c6\" data-element_type=\"widget\" data-widget_type=\"google_maps.default\">\n\t\t\t\t\t\t\t<div class=\"elementor-custom-embed\">\n\t\t\t<iframe loading=\"lazy\"\n\t\t\t\t\tsrc=\"https:\/\/maps.google.com\/maps?q=7100%20W%2020th%20Ave%2C%20Hialeah%2C%C2%A0FL%C2%A033016.&#038;t=m&#038;z=20&#038;output=embed&#038;iwloc=near\"\n\t\t\t\t\ttitle=\"7100 W 20th Ave, Hialeah,\u00a0FL\u00a033016.\"\n\t\t\t\t\taria-label=\"7100 W 20th Ave, Hialeah,\u00a0FL\u00a033016.\"\n\t\t\t><\/iframe>\n\t\t<\/div>\n\t\t\t\t\t\t<\/div>\n\t\t\t\t<\/div>\n\t\t\t\t\t<\/div>\n\t\t<\/div>\n\t\t\t\t\t\t<\/div>\n\t\t\t\t\t<\/div>\n\t\t\t\t<\/div>\n\t\t<div class=\"elementor-element elementor-element-89229b1 e-flex e-con-boxed wpr-particle-no wpr-jarallax-no wpr-parallax-no wpr-sticky-section-no elementor-invisible e-con e-parent\" data-id=\"89229b1\" data-element_type=\"container\" data-settings=\"{&quot;background_background&quot;:&quot;classic&quot;,&quot;animation&quot;:&quot;fadeIn&quot;,&quot;animation_delay&quot;:100,&quot;shape_divider_bottom&quot;:&quot;mountains&quot;}\">\n\t\t\t\t\t<div class=\"e-con-inner\">\n\t\t\t\t<div class=\"elementor-shape elementor-shape-bottom\" aria-hidden=\"true\" data-negative=\"false\">\n\t\t\t<svg xmlns=\"http:\/\/www.w3.org\/2000\/svg\" viewbox=\"0 0 1000 100\" preserveaspectratio=\"none\">\n\t<path class=\"elementor-shape-fill\" opacity=\"0.33\" d=\"M473,67.3c-203.9,88.3-263.1-34-320.3,0C66,119.1,0,59.7,0,59.7V0h1000v59.7 c0,0-62.1,26.1-94.9,29.3c-32.8,3.3-62.8-12.3-75.8-22.1C806,49.6,745.3,8.7,694.9,4.7S492.4,59,473,67.3z\"\/>\n\t<path class=\"elementor-shape-fill\" opacity=\"0.66\" d=\"M734,67.3c-45.5,0-77.2-23.2-129.1-39.1c-28.6-8.7-150.3-10.1-254,39.1 s-91.7-34.4-149.2,0C115.7,118.3,0,39.8,0,39.8V0h1000v36.5c0,0-28.2-18.5-92.1-18.5C810.2,18.1,775.7,67.3,734,67.3z\"\/>\n\t<path class=\"elementor-shape-fill\" d=\"M766.1,28.9c-200-57.5-266,65.5-395.1,19.5C242,1.8,242,5.4,184.8,20.6C128,35.8,132.3,44.9,89.9,52.5C28.6,63.7,0,0,0,0 h1000c0,0-9.9,40.9-83.6,48.1S829.6,47,766.1,28.9z\"\/>\n<\/svg>\t\t<\/div>\n\t\t\t\t<div class=\"elementor-element elementor-element-26c9100 elementor-widget elementor-widget-heading\" data-id=\"26c9100\" data-element_type=\"widget\" data-widget_type=\"heading.default\">\n\t\t\t\t\t<h2 class=\"elementor-heading-title elementor-size-default\">Suscr\u00edbete a Nuestras<\/h2>\t\t\t\t<\/div>\n\t\t\t\t<div class=\"elementor-element elementor-element-bfd8a22 elementor-widget elementor-widget-heading\" data-id=\"bfd8a22\" data-element_type=\"widget\" data-widget_type=\"heading.default\">\n\t\t\t\t\t<h2 class=\"elementor-heading-title elementor-size-default\">Newsletter<\/h2>\t\t\t\t<\/div>\n\t\t\t\t<div class=\"elementor-element elementor-element-2e2f336 elementor-widget elementor-widget-text-editor\" data-id=\"2e2f336\" data-element_type=\"widget\" data-widget_type=\"text-editor.default\">\n\t\t\t\t\t\t\t\t\t<p>Suscr\u00edbete a nuestra Newsletter y consigue el c\u00f3digo de descuento.<\/p>\t\t\t\t\t\t\t\t<\/div>\n\t\t<div class=\"elementor-element elementor-element-26b2236 e-con-full e-flex wpr-particle-no wpr-jarallax-no wpr-parallax-no wpr-sticky-section-no e-con e-child\" data-id=\"26b2236\" data-element_type=\"container\">\n\t\t\t\t<div class=\"elementor-element elementor-element-7cf8b6e wpr-mailchimp-layout-hr elementor-widget elementor-widget-wpr-mailchimp\" data-id=\"7cf8b6e\" data-element_type=\"widget\" data-widget_type=\"wpr-mailchimp.default\">\n\t\t\t\t\t\n\t\t<form class=\"wpr-mailchimp-form\" id=\"wpr-mailchimp-form-7cf8b6e\" method=\"POST\" data-list-id=\"def\" data-clear-fields=\"\" action=\"\">\n\t\t\t<!-- Form Header -->\n\t\t\t\n\t\t\t<div class=\"wpr-mailchimp-fields\">\n\t\t\t\t<!-- Email Input -->\n\t\t\t\t<div class=\"wpr-mailchimp-email\">\n\t\t\t\t\t\t\t\t\t\t<input type=\"email\" name=\"wpr_mailchimp_email\" placeholder=\"sample@mail.com\" required=\"required\">\n\t\t\t\t<\/div>\n\n\t\t\t\t<!-- Extra Fields -->\n\t\t\t\t\n\t\t\t\t<!-- Subscribe Button -->\n\t\t\t\t<div class=\"wpr-mailchimp-subscribe\">\n\t\t\t\t\t<button type=\"submit\" id=\"wpr-subscribe-7cf8b6e\" class=\"wpr-mailchimp-subscribe-btn\" data-loading=\"Subscribing...\">\n\t\t\t\t  \t\tSuscribir\t\t\t\t\t<\/button>\n\t\t\t\t<\/div>\n\t\t\t<\/div>\n\n\t\t\t<!-- Success\/Error Message -->\n\t\t\t<div class=\"wpr-mailchimp-message\">\n\t\t\t\t<span class=\"wpr-mailchimp-success-message\">You have been successfully Subscribed!<\/span>\n\t\t\t\t<span class=\"wpr-mailchimp-error-message\">Ops! Something went wrong, please try again.<\/span>\n\t\t\t<\/div>\n\t\t<input type=\"hidden\" name=\"trp-form-language\" value=\"es\"\/><\/form>\n\n\t\t\t\t\t\t<\/div>\n\t\t\t\t<\/div>\n\t\t\t\t\t<\/div>\n\t\t\t\t<\/div>\n\t\t\t\t<\/div>","protected":false},"excerpt":{"rendered":"<p>Booking Now If you don\u2019t find availability with your doctor at the location, please check our other locations, where you may also be able to book an appointment with the same specialist. Locations Coral Gables Hialeah The center is located in one of the most prestigious areas of Miami 2751,2601 SW 37th Ave STE 604, Coral Gables, FL 33133 The clinic opens its doors inside the renowned Palmetto General Hospital 7100 W 20th Ave, Hialeah,\u00a0FL\u00a033016. The center is located in one of the most prestigious areas of Miami 2751,2601 SW 37th Ave STE 604, Coral Gables, FL 33133 The clinic opens its doors inside the renowned Palmetto General Hospital 7100 W 20th Ave, Hialeah,\u00a0FL\u00a033016. Subscribe for Newsletter Sing up to our Newsletter and get the discount code. Subscribe You have been successfully Subscribed! Ops! Something went wrong, please try again.<\/p>","protected":false},"author":1,"featured_media":0,"parent":0,"menu_order":0,"comment_status":"closed","ping_status":"closed","template":"elementor_canvas","meta":{"_joinchat":[],"footnotes":""},"class_list":["post-3006","page","type-page","status-publish","hentry"],"yoast_head":"<!-- This site is optimized with the Yoast SEO Premium plugin v23.3 (Yoast SEO v26.4) - https:\/\/yoast.com\/wordpress\/plugins\/seo\/ -->\n<title>Booking - Bojanini Experts US<\/title>\n<meta name=\"robots\" content=\"index, follow, max-snippet:-1, max-image-preview:large, max-video-preview:-1\" \/>\n<link rel=\"canonical\" href=\"https:\/\/bojaniniexperts.us\/es\/booking\/\" \/>\n<meta property=\"og:locale\" content=\"es_ES\" \/>\n<meta property=\"og:type\" content=\"article\" \/>\n<meta property=\"og:title\" content=\"Booking\" \/>\n<meta property=\"og:description\" content=\"Booking Now If you don\u2019t find availability with your doctor at the location, please check our other locations, where you may also be able to book an appointment with the same specialist. Locations Coral Gables Hialeah The center is located in one of the most prestigious areas of Miami 2751,2601 SW 37th Ave STE 604, Coral Gables, FL 33133 The clinic opens its doors inside the renowned Palmetto General Hospital 7100 W 20th Ave, Hialeah,\u00a0FL\u00a033016. The center is located in one of the most prestigious areas of Miami 2751,2601 SW 37th Ave STE 604, Coral Gables, FL 33133 The clinic opens its doors inside the renowned Palmetto General Hospital 7100 W 20th Ave, Hialeah,\u00a0FL\u00a033016. Subscribe for Newsletter Sing up to our Newsletter and get the discount code. Subscribe You have been successfully Subscribed! Ops! Something went wrong, please try again.\" \/>\n<meta property=\"og:url\" content=\"https:\/\/bojaniniexperts.us\/es\/booking\/\" \/>\n<meta property=\"og:site_name\" content=\"Bojanini Experts US\" \/>\n<meta property=\"article:modified_time\" content=\"2025-09-23T19:44:09+00:00\" \/>\n<meta name=\"twitter:card\" content=\"summary_large_image\" \/>\n<meta name=\"twitter:label1\" content=\"Tiempo de lectura\" \/>\n\t<meta name=\"twitter:data1\" content=\"1 minuto\" \/>\n<script type=\"application\/ld+json\" class=\"yoast-schema-graph\">{\"@context\":\"https:\/\/schema.org\",\"@graph\":[{\"@type\":\"WebPage\",\"@id\":\"https:\/\/bojaniniexperts.us\/booking\/\",\"url\":\"https:\/\/bojaniniexperts.us\/booking\/\",\"name\":\"Booking - Bojanini Experts US\",\"isPartOf\":{\"@id\":\"https:\/\/bojaniniexperts.us\/#website\"},\"datePublished\":\"2025-06-27T18:33:33+00:00\",\"dateModified\":\"2025-09-23T19:44:09+00:00\",\"breadcrumb\":{\"@id\":\"https:\/\/bojaniniexperts.us\/booking\/#breadcrumb\"},\"inLanguage\":\"es\",\"potentialAction\":[{\"@type\":\"ReadAction\",\"target\":[\"https:\/\/bojaniniexperts.us\/booking\/\"]}]},{\"@type\":\"BreadcrumbList\",\"@id\":\"https:\/\/bojaniniexperts.us\/booking\/#breadcrumb\",\"itemListElement\":[{\"@type\":\"ListItem\",\"position\":1,\"name\":\"Portada\",\"item\":\"https:\/\/bojaniniexperts.us\/\"},{\"@type\":\"ListItem\",\"position\":2,\"name\":\"Booking\"}]},{\"@type\":\"WebSite\",\"@id\":\"https:\/\/bojaniniexperts.us\/#website\",\"url\":\"https:\/\/bojaniniexperts.us\/\",\"name\":\"Bojanini Experts US\",\"description\":\"Hair Experts\",\"potentialAction\":[{\"@type\":\"SearchAction\",\"target\":{\"@type\":\"EntryPoint\",\"urlTemplate\":\"https:\/\/bojaniniexperts.us\/?s={search_term_string}\"},\"query-input\":{\"@type\":\"PropertyValueSpecification\",\"valueRequired\":true,\"valueName\":\"search_term_string\"}}],\"inLanguage\":\"es\"}]}<\/script>\n<!-- \/ Yoast SEO Premium plugin. -->","yoast_head_json":{"title":"Booking - Bojanini Experts US","robots":{"index":"index","follow":"follow","max-snippet":"max-snippet:-1","max-image-preview":"max-image-preview:large","max-video-preview":"max-video-preview:-1"},"canonical":"https:\/\/bojaniniexperts.us\/es\/booking\/","og_locale":"es_ES","og_type":"article","og_title":"Booking","og_description":"Booking Now If you don\u2019t find availability with your doctor at the location, please check our other locations, where you may also be able to book an appointment with the same specialist. Locations Coral Gables Hialeah The center is located in one of the most prestigious areas of Miami 2751,2601 SW 37th Ave STE 604, Coral Gables, FL 33133 The clinic opens its doors inside the renowned Palmetto General Hospital 7100 W 20th Ave, Hialeah,\u00a0FL\u00a033016. The center is located in one of the most prestigious areas of Miami 2751,2601 SW 37th Ave STE 604, Coral Gables, FL 33133 The clinic opens its doors inside the renowned Palmetto General Hospital 7100 W 20th Ave, Hialeah,\u00a0FL\u00a033016. Subscribe for Newsletter Sing up to our Newsletter and get the discount code. Subscribe You have been successfully Subscribed! Ops! Something went wrong, please try again.","og_url":"https:\/\/bojaniniexperts.us\/es\/booking\/","og_site_name":"Bojanini Experts US","article_modified_time":"2025-09-23T19:44:09+00:00","twitter_card":"summary_large_image","twitter_misc":{"Tiempo de lectura":"1 minuto"},"schema":{"@context":"https:\/\/schema.org","@graph":[{"@type":"WebPage","@id":"https:\/\/bojaniniexperts.us\/booking\/","url":"https:\/\/bojaniniexperts.us\/booking\/","name":"Booking - Bojanini Experts US","isPartOf":{"@id":"https:\/\/bojaniniexperts.us\/#website"},"datePublished":"2025-06-27T18:33:33+00:00","dateModified":"2025-09-23T19:44:09+00:00","breadcrumb":{"@id":"https:\/\/bojaniniexperts.us\/booking\/#breadcrumb"},"inLanguage":"es","potentialAction":[{"@type":"ReadAction","target":["https:\/\/bojaniniexperts.us\/booking\/"]}]},{"@type":"BreadcrumbList","@id":"https:\/\/bojaniniexperts.us\/booking\/#breadcrumb","itemListElement":[{"@type":"ListItem","position":1,"name":"Portada","item":"https:\/\/bojaniniexperts.us\/"},{"@type":"ListItem","position":2,"name":"Booking"}]},{"@type":"WebSite","@id":"https:\/\/bojaniniexperts.us\/#website","url":"https:\/\/bojaniniexperts.us\/","name":"Bojanini Experts US","description":"Hair Experts","potentialAction":[{"@type":"SearchAction","target":{"@type":"EntryPoint","urlTemplate":"https:\/\/bojaniniexperts.us\/?s={search_term_string}"},"query-input":{"@type":"PropertyValueSpecification","valueRequired":true,"valueName":"search_term_string"}}],"inLanguage":"es"}]}},"_links":{"self":[{"href":"https:\/\/bojaniniexperts.us\/es\/wp-json\/wp\/v2\/pages\/3006","targetHints":{"allow":["GET"]}}],"collection":[{"href":"https:\/\/bojaniniexperts.us\/es\/wp-json\/wp\/v2\/pages"}],"about":[{"href":"https:\/\/bojaniniexperts.us\/es\/wp-json\/wp\/v2\/types\/page"}],"author":[{"embeddable":true,"href":"https:\/\/bojaniniexperts.us\/es\/wp-json\/wp\/v2\/users\/1"}],"replies":[{"embeddable":true,"href":"https:\/\/bojaniniexperts.us\/es\/wp-json\/wp\/v2\/comments?post=3006"}],"version-history":[{"count":22,"href":"https:\/\/bojaniniexperts.us\/es\/wp-json\/wp\/v2\/pages\/3006\/revisions"}],"predecessor-version":[{"id":3277,"href":"https:\/\/bojaniniexperts.us\/es\/wp-json\/wp\/v2\/pages\/3006\/revisions\/3277"}],"wp:attachment":[{"href":"https:\/\/bojaniniexperts.us\/es\/wp-json\/wp\/v2\/media?parent=3006"}],"curies":[{"name":"wp","href":"https:\/\/api.w.org\/{rel}","templated":true}]}}